{"id":8,"date":"2025-05-20T18:58:19","date_gmt":"2025-05-20T16:58:19","guid":{"rendered":"https:\/\/kac-kiler.pl\/?page_id=8"},"modified":"2025-05-22T09:38:30","modified_gmt":"2025-05-22T07:38:30","slug":"hp","status":"publish","type":"page","link":"https:\/\/kac-kiler.pl\/","title":{"rendered":"HP"},"content":{"rendered":"<div class=\"wpb-content-wrapper\"><p>[vc_row][vc_column][vc_empty_space][vc_empty_space][vc_column_text css=&#8221;&#8221;]<img loading=\"lazy\" decoding=\"async\" class=\"alignnone wp-image-16 aligncenter\" src=\"https:\/\/kac-kiler.pl\/wp-content\/uploads\/2025\/05\/logo_kackiler_final-300x300-1.png\" alt=\"\" width=\"212\" height=\"212\" srcset=\"https:\/\/kac-kiler.pl\/wp-content\/uploads\/2025\/05\/logo_kackiler_final-300x300-1.png 300w, https:\/\/kac-kiler.pl\/wp-content\/uploads\/2025\/05\/logo_kackiler_final-300x300-1-150x150.png 150w\" sizes=\"auto, (max-width: 212px) 100vw, 212px\" \/>[\/vc_column_text][vc_empty_space][vc_column_text css=&#8221;&#8221;]<\/p>\n<h1 style=\"text-align: center;\">Sprawd\u017a jak mo\u017cemy ci pom\u00f3c<\/h1>\n<p>[\/vc_column_text][vc_empty_space][vc_empty_space][vc_btn title=&#8221;Poznaj ofert\u0119&#8221; color=&#8221;mulled-wine&#8221; align=&#8221;center&#8221; css=&#8221;&#8221; link=&#8221;url:https%3A%2F%2Fkackiler.pl|title:https%3A%2F%2Fkackiler.pl&#8221;][\/vc_column][\/vc_row]<\/p>\n<\/div>","protected":false},"excerpt":{"rendered":"<p>[vc_row][vc_column][vc_empty_space][vc_empty_space][vc_column_text css=&#8221;&#8221;][\/vc_column_text][vc_empty_space][vc_column_text css=&#8221;&#8221;] Sprawd\u017a jak mo\u017cemy ci pom\u00f3c [\/vc_column_text][vc_empty_space][vc_empty_space][vc_btn title=&#8221;Poznaj ofert\u0119&#8221; color=&#8221;mulled-wine&#8221; align=&#8221;center&#8221; css=&#8221;&#8221; link=&#8221;url:https%3A%2F%2Fkackiler.pl|title:https%3A%2F%2Fkackiler.pl&#8221;][\/vc_column][\/vc_row]<\/p>\n","protected":false},"author":1,"featured_media":0,"parent":0,"menu_order":0,"comment_status":"closed","ping_status":"closed","template":"","meta":{"neve_meta_sidebar":"","neve_meta_container":"","neve_meta_enable_content_width":"off","neve_meta_content_width":100,"neve_meta_title_alignment":"","neve_meta_author_avatar":"","neve_post_elements_order":"","neve_meta_disable_header":"on","neve_meta_disable_footer":"on","neve_meta_disable_title":"on","footnotes":""},"class_list":["post-8","page","type-page","status-publish","hentry"],"_links":{"self":[{"href":"https:\/\/kac-kiler.pl\/index.php?rest_route=\/wp\/v2\/pages\/8","targetHints":{"allow":["GET"]}}],"collection":[{"href":"https:\/\/kac-kiler.pl\/index.php?rest_route=\/wp\/v2\/pages"}],"about":[{"href":"https:\/\/kac-kiler.pl\/index.php?rest_route=\/wp\/v2\/types\/page"}],"author":[{"embeddable":true,"href":"https:\/\/kac-kiler.pl\/index.php?rest_route=\/wp\/v2\/users\/1"}],"replies":[{"embeddable":true,"href":"https:\/\/kac-kiler.pl\/index.php?rest_route=%2Fwp%2Fv2%2Fcomments&post=8"}],"version-history":[{"count":4,"href":"https:\/\/kac-kiler.pl\/index.php?rest_route=\/wp\/v2\/pages\/8\/revisions"}],"predecessor-version":[{"id":17,"href":"https:\/\/kac-kiler.pl\/index.php?rest_route=\/wp\/v2\/pages\/8\/revisions\/17"}],"wp:attachment":[{"href":"https:\/\/kac-kiler.pl\/index.php?rest_route=%2Fwp%2Fv2%2Fmedia&parent=8"}],"curies":[{"name":"wp","href":"https:\/\/api.w.org\/{rel}","templated":true}]}}